{"id":42,"date":"2025-10-08T08:18:26","date_gmt":"2025-10-08T08:18:26","guid":{"rendered":"http:\/\/halteoutdoor.local\/?page_id=42"},"modified":"2025-10-09T08:02:52","modified_gmt":"2025-10-09T08:02:52","slug":"about","status":"publish","type":"page","link":"https:\/\/halteoutdoor.com\/en\/about\/","title":{"rendered":"About"},"content":{"rendered":"<p>Halte outdoor est une po\u00e9sie du quotidien, un gout de l\u2019aventure, une d\u00e9lectation de l\u2019instant.<br>Il s\u2019adresse \u00e0 tous ceux qui appr\u00e9cient la vie en plein air, et les \u00e9picuriens avides de nouvelles exp\u00e9riences.<br>Ici, pas de moralit\u00e9 sur la vie, juste de la curiosit\u00e9 et de la passion pour les choses simples, brutes ou raffin\u00e9es<br>Les yeux de 2 voyageurs et une invitation \u00e0 voir le monde sous un autre angle.<br>Sillonner les petites routes et&nbsp; voir les paysages se m\u00e9tamorphoser, s\u2019arr\u00eater au bord d\u2019un lac pour ressentir sa fraicheur et son \u00e9clat, d\u00e9guster un caf\u00e9 fumant \u00e0 la ros\u00e9e du matin.<br>Croiser des gens , des regards, \u00e9changer quelques bouts de phrases avec difficult\u00e9 ou fluidit\u00e9, admirer les architectures, les lieux abandonn\u00e9s, d\u00e9serts ou m\u00eame industriels.<\/p>\n\n\n\n<p>La&nbsp; d\u00e9gustation et la cuisine comme un art de vivre.&nbsp; Le ballet des ustensiles pour sublimer un sens&nbsp; qui ponctue tous nos vie. Le plaisir des saveurs, des couleurs et des \u00e9pices fines pour enchanter nos palets.<\/p>\n\n\n\n<p>Se connecter, se d\u00e9connecter dans le virtuel et dans le r\u00e9el, comme une danse incessante pour trouver son \u00e9quilibre.<\/p>\n\n\n\n<p>C\u2019est avec l\u2019envie de partager que c\u2019est espace est n\u00e9, une symphonie de lettre et d\u2019humeurs pour t\u00e9moigner ce que l\u2019on ressent au quotidien.<\/p>\n\n\n\n<p><\/p>","protected":false},"excerpt":{"rendered":"<p>Halte outdoor est une po\u00e9sie du quotidien, un gout de l\u2019aventure, une d\u00e9lectation de l\u2019instant.Il s\u2019adresse \u00e0 tous ceux qui appr\u00e9cient la vie en plein air, et les \u00e9picuriens avides de nouvelles exp\u00e9riences.Ici, pas de moralit\u00e9 sur la vie, juste de la curiosit\u00e9 et de la passion pour les choses simples, brutes ou raffin\u00e9esLes yeux &#8230; <a title=\"About\" class=\"read-more\" href=\"https:\/\/halteoutdoor.com\/en\/about\/\" aria-label=\"Read more about About\">Read more<\/a><\/p>","protected":false},"author":1,"featured_media":10,"parent":0,"menu_order":0,"comment_status":"closed","ping_status":"closed","template":"","meta":{"footnotes":""},"class_list":["post-42","page","type-page","status-publish","has-post-thumbnail"],"jetpack_sharing_enabled":true,"_links":{"self":[{"href":"https:\/\/halteoutdoor.com\/en\/wp-json\/wp\/v2\/pages\/42","targetHints":{"allow":["GET"]}}],"collection":[{"href":"https:\/\/halteoutdoor.com\/en\/wp-json\/wp\/v2\/pages"}],"about":[{"href":"https:\/\/halteoutdoor.com\/en\/wp-json\/wp\/v2\/types\/page"}],"author":[{"embeddable":true,"href":"https:\/\/halteoutdoor.com\/en\/wp-json\/wp\/v2\/users\/1"}],"replies":[{"embeddable":true,"href":"https:\/\/halteoutdoor.com\/en\/wp-json\/wp\/v2\/comments?post=42"}],"version-history":[{"count":3,"href":"https:\/\/halteoutdoor.com\/en\/wp-json\/wp\/v2\/pages\/42\/revisions"}],"predecessor-version":[{"id":85,"href":"https:\/\/halteoutdoor.com\/en\/wp-json\/wp\/v2\/pages\/42\/revisions\/85"}],"wp:featuredmedia":[{"embeddable":true,"href":"https:\/\/halteoutdoor.com\/en\/wp-json\/wp\/v2\/media\/10"}],"wp:attachment":[{"href":"https:\/\/halteoutdoor.com\/en\/wp-json\/wp\/v2\/media?parent=42"}],"curies":[{"name":"wp","href":"https:\/\/api.w.org\/{rel}","templated":true}]}}